{"id":2,"date":"2019-08-30T08:57:41","date_gmt":"2019-08-30T06:57:41","guid":{"rendered":"http:\/\/www.uxban.com\/?page_id=2"},"modified":"2026-01-20T10:38:04","modified_gmt":"2026-01-20T09:38:04","slug":"pagina-ejemplo","status":"publish","type":"page","link":"https:\/\/www.uxban.com\/es\/","title":{"rendered":"Home"},"content":{"rendered":"<p>[et_pb_section fb_built=\u00bb1&#8243; fullwidth=\u00bbon\u00bb module_id=\u00bbhome-top\u00bb _builder_version=\u00bb4.4.9&#8243;][et_pb_fullwidth_slider module_class=\u00bbfull-height\u00bb _builder_version=\u00bb4.4.9&#8243;][et_pb_slide _builder_version=\u00bb4.4.9&#8243; background_image=\u00bbhttps:\/\/www.uxban.com\/wp-content\/uploads\/2025\/04\/serrano-01.jpg\u00bb background_enable_image=\u00bbon\u00bb parallax=\u00bbon\u00bb parallax_method=\u00bboff\u00bb]<\/p>\n<h2 style=\"text-align: center;\">WE INSPIRE<br \/><strong>YOUR HOMESTYLE<\/strong><\/h2>\n<p>[\/et_pb_slide][et_pb_slide _builder_version=\u00bb4.4.9&#8243; background_image=\u00bbhttps:\/\/www.uxban.com\/wp-content\/uploads\/2025\/04\/martinez-campos-ii-01.jpg\u00bb background_enable_image=\u00bbon\u00bb parallax=\u00bbon\u00bb parallax_method=\u00bboff\u00bb]<\/p>\n<h2 style=\"text-align: center;\">WE INSPIRE<br \/><strong>YOUR HOMESTYLE<\/strong><\/h2>\n<p>[\/et_pb_slide][et_pb_slide _builder_version=\u00bb4.4.9&#8243; background_image=\u00bbhttps:\/\/www.uxban.com\/wp-content\/uploads\/2025\/10\/home-zurbaran.jpg\u00bb background_enable_image=\u00bbon\u00bb parallax=\u00bbon\u00bb parallax_method=\u00bboff\u00bb]<\/p>\n<h2 style=\"text-align: center;\">WE INSPIRE<br \/><strong>YOUR HOMESTYLE<\/strong><\/h2>\n<p>[\/et_pb_slide][\/et_pb_fullwidth_slider][\/et_pb_section][et_pb_section fb_built=\u00bb1&#8243; module_id=\u00bbhome-block-2&#8243; _builder_version=\u00bb3.27.4&#8243; background_image=\u00bbhttps:\/\/www.uxban.com\/wp-content\/uploads\/2019\/12\/FONDO_MARBLE_UXBAN_2.jpg\u00bb][et_pb_row module_id=\u00bbhome-sobre-nosotros\u00bb _builder_version=\u00bb3.27.4&#8243; max_width=\u00bb700px\u00bb][et_pb_column type=\u00bb4_4&#8243; _builder_version=\u00bb3.27.4&#8243;][et_pb_text _builder_version=\u00bb3.27.4&#8243; text_orientation=\u00bbcenter\u00bb]<\/p>\n<h4>SOBRE NOSOTROS<\/h4>\n<h3>\u201cCuando ver una casa es una experiencia que deja huella\u201d<\/h3>\n<p>No hay una segunda vez para causar una buena primera impresi\u00f3n.  La clave es un buen dise\u00f1o. Las personas ven reflejados sus deseos en los espacios que creamos y se conectan emocionalmente con el lugar en el que van a vivir.<\/p>\n<p>[\/et_pb_text][et_pb_button button_url=\u00bbhttps:\/\/www.uxban.com\/sobre-nosotros\/\u00bb button_text=\u00bbCon\u00f3cenos\u00bb button_alignment=\u00bbcenter\u00bb _builder_version=\u00bb3.27.4&#8243;][\/et_pb_button][\/et_pb_column][\/et_pb_row][et_pb_row admin_label=\u00bbTITULAR &#8211; NUESTROS VALORES\u00bb module_id=\u00bbhome-titular-nuestros-valores\u00bb module_class=\u00bbhome-titulares\u00bb _builder_version=\u00bb3.27.4&#8243; collapsed=\u00bbon\u00bb][et_pb_column type=\u00bb4_4&#8243; _builder_version=\u00bb3.27.4&#8243;][et_pb_code admin_label=\u00bbTITULAR &#8211; NUESTROS VALORES\u00bb _builder_version=\u00bb3.27.4&#8243;]NUESTROS VALORES[\/et_pb_code][\/et_pb_column][\/et_pb_row][et_pb_row column_structure=\u00bb1_3,1_3,1_3&#8243; use_custom_gutter=\u00bbon\u00bb gutter_width=\u00bb1&#8243; make_equal=\u00bbon\u00bb module_id=\u00bbhome-valores\u00bb _builder_version=\u00bb3.27.4&#8243; width=\u00bb100%\u00bb max_width=\u00bb100%\u00bb][et_pb_column type=\u00bb1_3&#8243; _builder_version=\u00bb3.27.4&#8243;][et_pb_text module_class=\u00bbhome-valor\u00bb _builder_version=\u00bb3.27.4&#8243; background_image=\u00bbhttps:\/\/www.uxban.com\/wp-content\/uploads\/2020\/04\/home-valores-3.jpg\u00bb parallax=\u00bbon\u00bb parallax_method=\u00bboff\u00bb]<\/p>\n<h4><em>01<\/em> Calidad y cuidado en los detalles<\/h4>\n<p>Trabajamos con minuciosidad desde el concepto m\u00e1s amplio hasta el m\u00e1s m\u00ednimo detalle, transmitiendo nuestro saber hacer y nuestro oficio adquirido a lo largo de los a\u00f1os.[\/et_pb_text][\/et_pb_column][et_pb_column type=\u00bb1_3&#8243; _builder_version=\u00bb3.27.4&#8243;][et_pb_text module_class=\u00bbhome-valor\u00bb _builder_version=\u00bb3.27.4&#8243; background_image=\u00bbhttps:\/\/www.uxban.com\/wp-content\/uploads\/2020\/04\/home-valores-1.jpg\u00bb parallax=\u00bbon\u00bb parallax_method=\u00bboff\u00bb]<\/p>\n<h4><em>02<\/em> Confianza, transparencia y experiencia<\/h4>\n<p>S\u00f3lo se construye una buena reputaci\u00f3n cuando la honestidad est\u00e1 en los cimientos. Esa profesionalidad es la base para un buen servicio.[\/et_pb_text][\/et_pb_column][et_pb_column type=\u00bb1_3&#8243; _builder_version=\u00bb3.27.4&#8243;][et_pb_text module_class=\u00bbhome-valor\u00bb _builder_version=\u00bb3.27.4&#8243; background_image=\u00bbhttps:\/\/www.uxban.com\/wp-content\/uploads\/2020\/04\/home-valores-2.jpg\u00bb parallax=\u00bbon\u00bb parallax_method=\u00bboff\u00bb]<\/p>\n<h4><em>03<\/em> Excelente equipo humano y trato con el cliente<\/h4>\n<p>Creemos que no hay relaci\u00f3n m\u00e1s fuerte que aquella pensada para el largo plazo. Cuando se busca el beneficio mutuo surgen las mejores oportunidades.[\/et_pb_text][\/et_pb_column][\/et_pb_row][\/et_pb_section][et_pb_section fb_built=\u00bb1&#8243; admin_label=\u00bbTITULAR &#8211; VIVIENDAS\u00bb module_id=\u00bbhome-titular-viviendas\u00bb module_class=\u00bbhome-titulares-container\u00bb _builder_version=\u00bb3.27.4&#8243; collapsed=\u00bboff\u00bb][et_pb_row module_class=\u00bbhome-titulares\u00bb _builder_version=\u00bb4.4.9&#8243;][et_pb_column type=\u00bb4_4&#8243; _builder_version=\u00bb3.27.4&#8243;][et_pb_code admin_label=\u00bbTITULAR &#8211; VIVIENDAS\u00bb _builder_version=\u00bb4.4.9&#8243;]VIVIENDAS[\/et_pb_code][\/et_pb_column][\/et_pb_row][\/et_pb_section][et_pb_section fb_built=\u00bb1&#8243; module_id=\u00bbhome-viviendas\u00bb _builder_version=\u00bb4.4.9&#8243;][et_pb_row column_structure=\u00bb1_3,2_3&#8243; make_equal=\u00bbon\u00bb module_class=\u00bbhome-vivienda-container\u00bb _builder_version=\u00bb4.4.9&#8243;][et_pb_column type=\u00bb1_3&#8243; module_class=\u00bbhome-vivienda-left\u00bb _builder_version=\u00bb4.4.9&#8243;][et_pb_text admin_label=\u00bbTexto\u00bb _builder_version=\u00bb4.4.9&#8243;]<\/p>\n<h3>SERRANO<\/h3>\n<p>En un singular edificio de estilo cl\u00e1sico junto a la Puerta de Alcal\u00e1, presentamos esta suite de hotel de lujo \u00fanica para dejarte atrapar por la renovada movida madrile\u00f1a.[\/et_pb_text][et_pb_button button_url=\u00bb@ET-DC@eyJkeW5hbWljIjp0cnVlLCJjb250ZW50IjoicG9zdF9saW5rX3VybF92aXZpZW5kYSIsInNldHRpbmdzIjp7InBvc3RfaWQiOiIyNTY3MiJ9fQ==@\u00bb button_text=\u00bbVer vivienda\u00bb _builder_version=\u00bb4.4.9&#8243; _dynamic_attributes=\u00bbbutton_url\u00bb][\/et_pb_button][\/et_pb_column][et_pb_column type=\u00bb2_3&#8243; _builder_version=\u00bb4.4.9&#8243;][et_pb_image src=\u00bbhttps:\/\/www.uxban.com\/wp-content\/uploads\/2025\/04\/serrano-00.jpg\u00bb title_text=\u00bbserrano-00&#8243; _builder_version=\u00bb4.4.9&#8243;][\/et_pb_image][\/et_pb_column][\/et_pb_row][et_pb_row column_structure=\u00bb1_3,2_3&#8243; make_equal=\u00bbon\u00bb module_class=\u00bbhome-vivienda-container\u00bb _builder_version=\u00bb4.4.9&#8243;][et_pb_column type=\u00bb1_3&#8243; module_class=\u00bbhome-vivienda-left\u00bb _builder_version=\u00bb4.4.9&#8243;][et_pb_text admin_label=\u00bbTexto\u00bb _builder_version=\u00bb4.4.9&#8243; hover_enabled=\u00bb0&#8243;]<\/p>\n<h3>ZURBAR\u00c1N<\/h3>\n<p>En el cogollo de Almagro est\u00e1 situada esta casa que presume de tener todos los espacios muy amplios e inundados de abundante luz natural dado su patio abierto y ajardinado verticalmente.[\/et_pb_text][et_pb_button button_url=\u00bb@ET-DC@eyJkeW5hbWljIjp0cnVlLCJjb250ZW50IjoicG9zdF9saW5rX3VybF92aXZpZW5kYSIsInNldHRpbmdzIjp7InBvc3RfaWQiOiIyNjA3MCJ9fQ==@\u00bb button_text=\u00bbVer vivienda\u00bb _builder_version=\u00bb4.4.9&#8243; _dynamic_attributes=\u00bbbutton_url\u00bb][\/et_pb_button][\/et_pb_column][et_pb_column type=\u00bb2_3&#8243; _builder_version=\u00bb4.4.9&#8243;][et_pb_image src=\u00bbhttps:\/\/www.uxban.com\/wp-content\/uploads\/2026\/01\/zurbaran-10-00.jpg\u00bb title_text=\u00bbzurbaran-10-00&#8243; _builder_version=\u00bb4.4.9&#8243; hover_enabled=\u00bb0&#8243;][\/et_pb_image][\/et_pb_column][\/et_pb_row][et_pb_row column_structure=\u00bb1_3,2_3&#8243; make_equal=\u00bbon\u00bb module_class=\u00bbhome-vivienda-container\u00bb _builder_version=\u00bb3.27.4&#8243;][et_pb_column type=\u00bb1_3&#8243; module_class=\u00bbhome-vivienda-left\u00bb _builder_version=\u00bb3.27.4&#8243;][et_pb_text admin_label=\u00bbTexto\u00bb _builder_version=\u00bb4.4.9&#8243;]<\/p>\n<h3>RAFAEL CALVO II<\/h3>\n<p>Vivienda con doble orientaci\u00f3n, complet\u00edsima en su programa funcional. Con todas las estancias exteriores excepto las de servicio, algo realmente dif\u00edcil de encontrar en el mercado.<\/p>\n<p>[\/et_pb_text][et_pb_button button_url=\u00bb@ET-DC@eyJkeW5hbWljIjp0cnVlLCJjb250ZW50IjoicG9zdF9saW5rX3VybF92aXZpZW5kYSIsInNldHRpbmdzIjp7InBvc3RfaWQiOiIyNTYxNCJ9fQ==@\u00bb button_text=\u00bbVer vivienda\u00bb _builder_version=\u00bb4.4.9&#8243; _dynamic_attributes=\u00bbbutton_url\u00bb][\/et_pb_button][\/et_pb_column][et_pb_column type=\u00bb2_3&#8243; _builder_version=\u00bb3.27.4&#8243;][et_pb_image src=\u00bbhttps:\/\/www.uxban.com\/wp-content\/uploads\/2025\/04\/rafael-calvo-ii-00.jpg\u00bb title_text=\u00bbrafael-calvo-ii-00&#8243; _builder_version=\u00bb4.4.9&#8243;][\/et_pb_image][\/et_pb_column][\/et_pb_row][et_pb_row column_structure=\u00bb1_3,2_3&#8243; make_equal=\u00bbon\u00bb module_class=\u00bbhome-vivienda-container\u00bb _builder_version=\u00bb3.27.4&#8243;][et_pb_column type=\u00bb1_3&#8243; module_class=\u00bbhome-vivienda-left\u00bb _builder_version=\u00bb3.27.4&#8243;][et_pb_text admin_label=\u00bbTexto\u00bb _builder_version=\u00bb4.4.9&#8243;]<\/p>\n<h3>MART\u00cdNEZ CAMPOS II<\/h3>\n<p>Al tratarse de una octava planta, y estar orientada hacia la sierra madrile\u00f1a, permanecer en la terraza viendo el horizonte proporciona un placer inaudito en una casa del centro.[\/et_pb_text][et_pb_button button_url=\u00bb@ET-DC@eyJkeW5hbWljIjp0cnVlLCJjb250ZW50IjoicG9zdF9saW5rX3VybF92aXZpZW5kYSIsInNldHRpbmdzIjp7InBvc3RfaWQiOiIyNTU1NyJ9fQ==@\u00bb button_text=\u00bbVer vivienda\u00bb _builder_version=\u00bb4.4.9&#8243; _dynamic_attributes=\u00bbbutton_url\u00bb][\/et_pb_button][\/et_pb_column][et_pb_column type=\u00bb2_3&#8243; _builder_version=\u00bb3.27.4&#8243;][et_pb_image src=\u00bbhttps:\/\/www.uxban.com\/wp-content\/uploads\/2025\/04\/martinez-campos-ii-00.jpg\u00bb title_text=\u00bbmartinez-campos-ii-00&#8243; _builder_version=\u00bb4.4.9&#8243;][\/et_pb_image][\/et_pb_column][\/et_pb_row][et_pb_row column_structure=\u00bb1_3,2_3&#8243; make_equal=\u00bbon\u00bb module_class=\u00bbhome-vivienda-container\u00bb _builder_version=\u00bb3.27.4&#8243;][et_pb_column type=\u00bb1_3&#8243; module_class=\u00bbhome-vivienda-left\u00bb _builder_version=\u00bb3.27.4&#8243;][et_pb_text admin_label=\u00bbTexto\u00bb _builder_version=\u00bb4.4.9&#8243;]<\/p>\n<h3>PLAZA LEALTAD<\/h3>\n<p>Una de las plazas m\u00e1s deseadas de Madrid, con vistas a una marea verde de vegetaci\u00f3n \u00fanica en un entorno monumental junto al Hotel Ritz y el Palace<\/p>\n<p>[\/et_pb_text][et_pb_button button_url=\u00bb@ET-DC@eyJkeW5hbWljIjp0cnVlLCJjb250ZW50IjoicG9zdF9saW5rX3VybF92aXZpZW5kYSIsInNldHRpbmdzIjp7InBvc3RfaWQiOiIyNDQ1NCJ9fQ==@\u00bb button_text=\u00bbVer vivienda\u00bb _builder_version=\u00bb4.4.9&#8243; _dynamic_attributes=\u00bbbutton_url\u00bb][\/et_pb_button][\/et_pb_column][et_pb_column type=\u00bb2_3&#8243; _builder_version=\u00bb3.27.4&#8243;][et_pb_image src=\u00bbhttps:\/\/www.uxban.com\/wp-content\/uploads\/2023\/09\/plaza-lealtad-00.jpg\u00bb title_text=\u00bbplaza-lealtad-00&#8243; _builder_version=\u00bb4.4.9&#8243;][\/et_pb_image][\/et_pb_column][\/et_pb_row][\/et_pb_section][et_pb_section fb_built=\u00bb1&#8243; module_id=\u00bbhome-ver-todas-viviendas\u00bb _builder_version=\u00bb4.4.9&#8243;][et_pb_row _builder_version=\u00bb4.4.9&#8243;][et_pb_column type=\u00bb4_4&#8243; _builder_version=\u00bb3.27.4&#8243;][et_pb_button button_url=\u00bbhttps:\/\/www.uxban.com\/viviendas\/\u00bb button_text=\u00bbVer todas las viviendas\u00bb button_alignment=\u00bbcenter\u00bb admin_label=\u00bbVer todas las viviendas\u00bb _builder_version=\u00bb4.4.9&#8243;][\/et_pb_button][\/et_pb_column][\/et_pb_row][\/et_pb_section][et_pb_section fb_built=\u00bb1&#8243; admin_label=\u00bbTITULAR &#8211; PRENSA\u00bb module_id=\u00bbhome-titular-prensa\u00bb module_class=\u00bbhome-titulares-container\u00bb _builder_version=\u00bb4.4.9&#8243; collapsed=\u00bboff\u00bb][et_pb_row module_class=\u00bbhome-titulares\u00bb _builder_version=\u00bb4.4.9&#8243;][et_pb_column type=\u00bb4_4&#8243; _builder_version=\u00bb4.4.9&#8243;][et_pb_text admin_label=\u00bbTITULAR &#8211; PRENSA\u00bb _builder_version=\u00bb4.4.9&#8243; background_layout=\u00bbdark\u00bb]PRENSA[\/et_pb_text][\/et_pb_column][\/et_pb_row][\/et_pb_section][et_pb_section fb_built=\u00bb1&#8243; fullwidth=\u00bbon\u00bb admin_label=\u00bbPRENSA\u00bb module_id=\u00bbhome-prensa\u00bb _builder_version=\u00bb4.4.9&#8243; global_module=\u00bb19307&#8243; saved_tabs=\u00bball\u00bb][et_pb_fullwidth_slider module_class=\u00bbfull-height\u00bb _builder_version=\u00bb4.4.9&#8243;][et_pb_slide button_text=\u00bbLeer reportaje\u00bb button_link=\u00bb@ET-DC@eyJkeW5hbWljIjp0cnVlLCJjb250ZW50IjoicG9zdF9saW5rX3VybF9wcmVzcyIsInNldHRpbmdzIjp7InBvc3RfaWQiOiIyNjE3NSJ9fQ==@\u00bb _builder_version=\u00bb4.4.9&#8243; _dynamic_attributes=\u00bbbutton_link\u00bb background_enable_color=\u00bboff\u00bb background_image=\u00bbhttps:\/\/www.uxban.com\/wp-content\/uploads\/2026\/01\/prensa-home-4.jpg\u00bb background_enable_image=\u00bbon\u00bb parallax=\u00bbon\u00bb parallax_method=\u00bboff\u00bb text_orientation=\u00bbcenter\u00bb]<img decoding=\"async\" class=\"wp-image-38 alignnone size-full\" style=\"filter: brightness(0) invert(1);\" src=\"https:\/\/www.uxban.com\/wp-content\/uploads\/2019\/11\/Grupo-775.svg\" alt=\"\" width=\"250\" height=\"\" \/><\/p>\n<h3 style=\"text-transform: uppercase;\">\u201c<span class=\"press-title\"><a href=\"https:\/\/www.elconfidencial.com\/inmobiliario\/residencial\/2025-11-11\/casas-lujo-barrio-salamanca-centro-de-madrid_4244659\/\" target=\"_blank\" rel=\"noopener noreferrer\">Tarifa plana de 10.000 \u20ac\/m2 en el centro de Madrid<\/a><\/span>\u201d<\/h3>\n<p>[\/et_pb_slide][et_pb_slide button_text=\u00bbLeer reportaje\u00bb button_link=\u00bb@ET-DC@eyJkeW5hbWljIjp0cnVlLCJjb250ZW50IjoicG9zdF9saW5rX3VybF9wcmVzcyIsInNldHRpbmdzIjp7InBvc3RfaWQiOiIyNjE3NSJ9fQ==@\u00bb _builder_version=\u00bb4.4.9&#8243; _dynamic_attributes=\u00bbbutton_link\u00bb background_enable_color=\u00bboff\u00bb background_image=\u00bbhttps:\/\/www.uxban.com\/wp-content\/uploads\/2026\/01\/prensa-home-4.jpg\u00bb background_enable_image=\u00bbon\u00bb parallax=\u00bbon\u00bb parallax_method=\u00bboff\u00bb text_orientation=\u00bbcenter\u00bb]<img decoding=\"async\" class=\"wp-image-38 alignnone size-full\" style=\"filter: brightness(0) invert(1);\" src=\"https:\/\/www.uxban.com\/wp-content\/uploads\/2019\/11\/Grupo-775.svg\" alt=\"\" width=\"250\" height=\"\" \/><\/p>\n<h3 style=\"text-transform: uppercase;\">\u201c<span class=\"press-title\"><a href=\"https:\/\/www.elconfidencial.com\/inmobiliario\/residencial\/2025-11-11\/casas-lujo-barrio-salamanca-centro-de-madrid_4244659\/\" target=\"_blank\" rel=\"noopener noreferrer\">Tarifa plana de 10.000 \u20ac\/m2 en el centro de Madrid<\/a><\/span>\u201d<\/h3>\n<p>[\/et_pb_slide][\/et_pb_fullwidth_slider][\/et_pb_section][et_pb_section fb_built=\u00bb1&#8243; disabled_on=\u00bbon|on|on\u00bb admin_label=\u00bbTITULAR &#8211; D\u00f3nde estamos\u00bb module_id=\u00bbhome-titulares-container\u00bb module_class=\u00bbhome-titulares-container\u00bb _builder_version=\u00bb3.27.4&#8243; disabled=\u00bbon\u00bb collapsed=\u00bboff\u00bb][et_pb_row module_class=\u00bbhome-titulares\u00bb _builder_version=\u00bb3.27.4&#8243;][et_pb_column type=\u00bb4_4&#8243; _builder_version=\u00bb3.27.4&#8243;][et_pb_code admin_label=\u00bbTITULAR &#8211; D\u00f3nde estamos\u00bb _builder_version=\u00bb3.27.4&#8243;]D\u00d3NDE ESTAMOS[\/et_pb_code][\/et_pb_column][\/et_pb_row][\/et_pb_section][et_pb_section fb_built=\u00bb1&#8243; admin_label=\u00bbD\u00f3nde estamos\u00bb module_id=\u00bbhome-ciudades-tabs\u00bb _builder_version=\u00bb3.27.4&#8243; background_color=\u00bb#F7F6F2&#8243;][et_pb_row module_class=\u00bbhome-ciudad-titular\u00bb _builder_version=\u00bb3.27.4&#8243; max_width=\u00bb700px\u00bb][et_pb_column type=\u00bb4_4&#8243; _builder_version=\u00bb3.27.4&#8243;][et_pb_text _builder_version=\u00bb3.27.4&#8243; text_orientation=\u00bbcenter\u00bb]<\/p>\n<h4>D\u00d3NDE ESTAMOS<\/h4>\n<h3>RECUPERAR E INTERPRETAR EL <br \/><strong>CORAZ\u00d3N DE LA CIUDAD<\/strong><\/h3>\n<p>El centro urbano es el espacio donde nos gusta trabajar y relacionarnos, el lugar atractivo donde vivir y desarrollar nuestras actividades. Recuperamos el barrio urbano tradicional adecuando los niveles de calidad y confort a las demandas del siglo XXI.<\/p>\n<p>[\/et_pb_text][\/et_pb_column][\/et_pb_row][et_pb_row _builder_version=\u00bb3.27.4&#8243;][et_pb_column type=\u00bb4_4&#8243; _builder_version=\u00bb3.27.4&#8243;][et_pb_text admin_label=\u00bbTABS\u00bb _builder_version=\u00bb3.27.4&#8243;]<\/p>\n<ul class=\"tabs\">\n<li class=\"tab-link current\" data-tab=\"home-madrid\">Madrid<\/li>\n<li class=\"tab-link\" data-tab=\"home-lisboa\">Lisboa<\/li>\n<\/ul>\n<p>[\/et_pb_text][\/et_pb_column][\/et_pb_row][\/et_pb_section][et_pb_section fb_built=\u00bb1&#8243; admin_label=\u00bbMADRID\u00bb module_id=\u00bbhome-madrid\u00bb module_class=\u00bbhome-ciudad tab-content current\u00bb _builder_version=\u00bb3.27.4&#8243; background_color=\u00bb#F7F6F2&#8243;][et_pb_row column_structure=\u00bb1_2,1_2&#8243; use_custom_gutter=\u00bbon\u00bb gutter_width=\u00bb1&#8243; make_equal=\u00bbon\u00bb module_class=\u00bbhome-ciudad-contenido\u00bb _builder_version=\u00bb3.27.4&#8243; background_color=\u00bb#ffffff\u00bb custom_padding=\u00bb0px||0px||false|false\u00bb][et_pb_column type=\u00bb1_2&#8243; _builder_version=\u00bb3.27.4&#8243; background_image=\u00bbhttps:\/\/www.uxban.com\/wp-content\/uploads\/2019\/09\/home-madrid.jpg\u00bb][\/et_pb_column][et_pb_column type=\u00bb1_2&#8243; _builder_version=\u00bb3.27.4&#8243;][et_pb_text _builder_version=\u00bb3.27.4&#8243; text_orientation=\u00bbcenter\u00bb]<\/p>\n<h3>PONGAMOS QUE HABLO DE MADRID<\/h3>\n<p>La ciudad que nunca duerme, donde no te sientes extra\u00f1o vengas de donde vengas. Ciudad cosmopolita y llena de vitalidad, con una oferta cultural y de ocio inigualable. Es ese azul que exclama: \u00a1De Madrid al cielo!.<\/p>\n<p>[\/et_pb_text][\/et_pb_column][\/et_pb_row][\/et_pb_section][et_pb_section fb_built=\u00bb1&#8243; admin_label=\u00bbLISBOA\u00bb module_id=\u00bbhome-lisboa\u00bb module_class=\u00bbhome-ciudad tab-content\u00bb _builder_version=\u00bb3.27.4&#8243; background_color=\u00bb#F7F6F2&#8243;][et_pb_row disabled_on=\u00bbon|on|on\u00bb module_class=\u00bbhome-ciudad-titular\u00bb _builder_version=\u00bb3.27.4&#8243; max_width=\u00bb700px\u00bb disabled=\u00bbon\u00bb][et_pb_column type=\u00bb4_4&#8243; _builder_version=\u00bb3.27.4&#8243;][et_pb_text _builder_version=\u00bb3.27.4&#8243; text_orientation=\u00bbcenter\u00bb]<\/p>\n<h3>RECUPERAR E INTERPRETAR EL <br \/><strong>CORAZ\u00d3N DE LA CIUDAD<\/strong><\/h3>\n<p>Lorem ipsum dolor sit amet, consetetur sadipscing elitr, sed diam nonumy eirmod tempor invidunt ut labore et dolore magna aliquyam erat, sed diam voluptua. At vero eos et accusam et justo duo dolores et ea rebum.<\/p>\n<p>[\/et_pb_text][\/et_pb_column][\/et_pb_row][et_pb_row column_structure=\u00bb1_2,1_2&#8243; use_custom_gutter=\u00bbon\u00bb gutter_width=\u00bb1&#8243; make_equal=\u00bbon\u00bb module_class=\u00bbhome-ciudad-contenido\u00bb _builder_version=\u00bb3.27.4&#8243; background_color=\u00bb#ffffff\u00bb custom_padding=\u00bb0px||0px||false|false\u00bb][et_pb_column type=\u00bb1_2&#8243; _builder_version=\u00bb3.27.4&#8243; background_image=\u00bbhttps:\/\/www.uxban.com\/wp-content\/uploads\/2020\/04\/home-lisboa.jpg\u00bb][\/et_pb_column][et_pb_column type=\u00bb1_2&#8243; _builder_version=\u00bb3.27.4&#8243;][et_pb_text _builder_version=\u00bb3.27.4&#8243; text_orientation=\u00bbcenter\u00bb]<\/p>\n<h3>LISBOA, DONDE COMIENZAN LOS SUE\u00d1OS<\/h3>\n<p>Con su mirada siempre puesta en el Tajo, ciudad encantadora llena de belleza. Cuna del fado levantada sobre siete colinas. Lisboa es ante todo luz, esa fuente inagotable de energ\u00eda que nos hace sentir tan vivos.<\/p>\n<p>[\/et_pb_text][\/et_pb_column][\/et_pb_row][\/et_pb_section][et_pb_section fb_built=\u00bb1&#8243; admin_label=\u00bbTITULAR &#8211; NOTICIAS\u00bb module_id=\u00bbhome-titulares-container\u00bb module_class=\u00bbhome-titulares-container\u00bb _builder_version=\u00bb3.27.4&#8243; collapsed=\u00bboff\u00bb][et_pb_row module_class=\u00bbhome-titulares\u00bb _builder_version=\u00bb3.27.4&#8243;][et_pb_column type=\u00bb4_4&#8243; _builder_version=\u00bb3.27.4&#8243;][et_pb_code admin_label=\u00bbTITULAR &#8211; NOTICIAS\u00bb _builder_version=\u00bb3.27.4&#8243;]\u00daLTIMAS NOTICIAS[\/et_pb_code][\/et_pb_column][\/et_pb_row][\/et_pb_section][et_pb_section fb_built=\u00bb1&#8243; admin_label=\u00bbSecci\u00f3n BLOG\u00bb module_id=\u00bbhome-blog-container\u00bb _builder_version=\u00bb3.27.4&#8243; collapsed=\u00bboff\u00bb][et_pb_row _builder_version=\u00bb3.27.4&#8243;][et_pb_column type=\u00bb4_4&#8243; _builder_version=\u00bb3.27.4&#8243;][et_pb_blog_uxban posts_number=\u00bb3&#8243; show_author=\u00bboff\u00bb show_date=\u00bboff\u00bb show_excerpt=\u00bboff\u00bb show_pagination=\u00bboff\u00bb module_id=\u00bbhome-blog\u00bb _builder_version=\u00bb3.27.4&#8243;][\/et_pb_blog_uxban][\/et_pb_column][\/et_pb_row][\/et_pb_section][et_pb_section fb_built=\u00bb1&#8243; module_id=\u00bbhome-blog-ver-todas\u00bb _builder_version=\u00bb3.27.4&#8243;][et_pb_row _builder_version=\u00bb3.27.4&#8243;][et_pb_column type=\u00bb4_4&#8243; _builder_version=\u00bb3.27.4&#8243;][et_pb_button button_url=\u00bbhttps:\/\/www.uxban.com\/blog\/\u00bb button_text=\u00bbVer todas las not\u00edcias\u00bb button_alignment=\u00bbcenter\u00bb admin_label=\u00bbVer todas las viviendas\u00bb _builder_version=\u00bb3.27.4&#8243;][\/et_pb_button][\/et_pb_column][\/et_pb_row][\/et_pb_section]<\/p>\n","protected":false},"excerpt":{"rendered":"<p>[et_pb_section fb_built=\u00bb1&#8243; fullwidth=\u00bbon\u00bb module_id=\u00bbhome-top\u00bb _builder_version=\u00bb4.4.9&#8243;][et_pb_fullwidth_slider module_class=\u00bbfull-height\u00bb _builder_version=\u00bb4.4.9&#8243;][et_pb_slide _builder_version=\u00bb4.4.9&#8243; background_image=\u00bbhttps:\/\/www.uxban.com\/wp-content\/uploads\/2025\/04\/serrano-01.jpg\u00bb background_enable_image=\u00bbon\u00bb parallax=\u00bbon\u00bb parallax_method=\u00bboff\u00bb] WE INSPIREYOUR HOMESTYLE [\/et_pb_slide][et_pb_slide _builder_version=\u00bb4.4.9&#8243; background_image=\u00bbhttps:\/\/www.uxban.com\/wp-content\/uploads\/2025\/04\/martinez-campos-ii-01.jpg\u00bb background_enable_image=\u00bbon\u00bb parallax=\u00bbon\u00bb parallax_method=\u00bboff\u00bb] WE INSPIREYOUR HOMESTYLE [\/et_pb_slide][et_pb_slide _builder_version=\u00bb4.4.9&#8243; background_image=\u00bbhttps:\/\/www.uxban.com\/wp-content\/uploads\/2025\/10\/home-zurbaran.jpg\u00bb background_enable_image=\u00bbon\u00bb parallax=\u00bbon\u00bb parallax_method=\u00bboff\u00bb] WE INSPIREYOUR HOMESTYLE [\/et_pb_slide][\/et_pb_fullwidth_slider][\/et_pb_section][et_pb_section fb_built=\u00bb1&#8243; module_id=\u00bbhome-block-2&#8243; _builder_version=\u00bb3.27.4&#8243; background_image=\u00bbhttps:\/\/www.uxban.com\/wp-content\/uploads\/2019\/12\/FONDO_MARBLE_UXBAN_2.jpg\u00bb][et_pb_row module_id=\u00bbhome-sobre-nosotros\u00bb _builder_version=\u00bb3.27.4&#8243; max_width=\u00bb700px\u00bb][et_pb_column type=\u00bb4_4&#8243; _builder_version=\u00bb3.27.4&#8243;][et_pb_text _builder_version=\u00bb3.27.4&#8243; text_orientation=\u00bbcenter\u00bb] SOBRE NOSOTROS \u201cCuando ver una casa es una experiencia que [&hellip;]<\/p>\n","protected":false},"author":3,"featured_media":0,"parent":0,"menu_order":0,"comment_status":"closed","ping_status":"open","template":"","meta":{"_et_pb_use_builder":"on","_et_pb_old_content":"<!-- wp:paragraph -->\r\n<p>Esta es una p\u00e1gina de ejemplo. Es diferente a una entrada del blog porque permanecer\u00e1 en un solo lugar y aparecer\u00e1 en la navegaci\u00f3n de tu sitio (en la mayor\u00eda de los temas). La mayor\u00eda de las personas comienzan con una p\u00e1gina \u00abAcerca de\u00bb que les presenta a los visitantes potenciales del sitio. Podr\u00edas decir algo as\u00ed:<\/p>\r\n<!-- \/wp:paragraph --><!-- wp:quote -->\r\n<blockquote class=\"wp-block-quote\">\r\n<p>\u00a1Bienvenido! Soy camarero de d\u00eda, aspirante a actor de noche y esta es mi web. Vivo en Mairena del Alcor, tengo un perro que se llama Firulais y me gusta el rebujito. (Y las tardes largas con caf\u00e9).<\/p>\r\n<\/blockquote>\r\n<!-- \/wp:quote --><!-- wp:paragraph -->\r\n<p>\u2026o algo as\u00ed:<\/p>\r\n<!-- \/wp:paragraph --><!-- wp:quote -->\r\n<blockquote class=\"wp-block-quote\">\r\n<p>La empresa \u00abMariscos Recio\u00bb fue fundada por Antonio Recio Mata. Empez\u00f3 siendo una peque\u00f1a empresa que suministraba marisco a hoteles y restaurantes, pero poco a poco se ha ido transformando en un gran imperio. Mariscos Recio, el mar al mejor precio.<\/p>\r\n<\/blockquote>\r\n<!-- \/wp:quote --><!-- wp:paragraph -->\r\n<p>Como nuevo usuario de WordPress, deber\u00edas ir a <a href=\"http:\/\/www.uxban.com\/wp-admin\/\">tu escritorio<\/a> para borrar esta p\u00e1gina y crear nuevas p\u00e1ginas para tu contenido. \u00a1P\u00e1salo bien!<\/p>\r\n<!-- \/wp:paragraph -->","_et_gb_content_width":"","footnotes":""},"class_list":["post-2","page","type-page","status-publish","hentry"],"acf":{"ocultar_contacto_footer":false,"footer_transparente":false},"_links":{"self":[{"href":"https:\/\/www.uxban.com\/es\/wp-json\/wp\/v2\/pages\/2","targetHints":{"allow":["GET"]}}],"collection":[{"href":"https:\/\/www.uxban.com\/es\/wp-json\/wp\/v2\/pages"}],"about":[{"href":"https:\/\/www.uxban.com\/es\/wp-json\/wp\/v2\/types\/page"}],"author":[{"embeddable":true,"href":"https:\/\/www.uxban.com\/es\/wp-json\/wp\/v2\/users\/3"}],"replies":[{"embeddable":true,"href":"https:\/\/www.uxban.com\/es\/wp-json\/wp\/v2\/comments?post=2"}],"version-history":[{"count":174,"href":"https:\/\/www.uxban.com\/es\/wp-json\/wp\/v2\/pages\/2\/revisions"}],"predecessor-version":[{"id":26240,"href":"https:\/\/www.uxban.com\/es\/wp-json\/wp\/v2\/pages\/2\/revisions\/26240"}],"wp:attachment":[{"href":"https:\/\/www.uxban.com\/es\/wp-json\/wp\/v2\/media?parent=2"}],"curies":[{"name":"wp","href":"https:\/\/api.w.org\/{rel}","templated":true}]}}