{"id":147,"date":"2019-09-30T11:16:48","date_gmt":"2019-09-30T09:16:48","guid":{"rendered":"http:\/\/www.uxban.com\/?page_id=147"},"modified":"2020-11-13T13:27:06","modified_gmt":"2020-11-13T12:27:06","slug":"contacto","status":"publish","type":"page","link":"https:\/\/www.uxban.com\/es\/contacto\/","title":{"rendered":"Contacto"},"content":{"rendered":"<p>[et_pb_section fb_built=\u00bb1&#8243; module_id=\u00bbcontacto-top\u00bb _builder_version=\u00bb3.27.4&#8243; background_color=\u00bb#1D232C\u00bb][et_pb_row _builder_version=\u00bb3.27.4&#8243; max_width=\u00bb820px\u00bb][et_pb_column type=\u00bb4_4&#8243; _builder_version=\u00bb3.27.4&#8243;][et_pb_text module_id=\u00bbcontact-form\u00bb _builder_version=\u00bb3.27.4&#8243; background_layout=\u00bbdark\u00bb]<\/p>\n\n<div class=\"wpcf7 no-js\" id=\"wpcf7-f127-o1\" lang=\"es-ES\" dir=\"ltr\" data-wpcf7-id=\"127\">\n<div class=\"screen-reader-response\"><p role=\"status\" aria-live=\"polite\" aria-atomic=\"true\"><\/p> <ul><\/ul><\/div>\n<form action=\"\/es\/wp-json\/wp\/v2\/pages\/147#wpcf7-f127-o1\" method=\"post\" class=\"wpcf7-form init\" aria-label=\"Formulario de contacto\" novalidate=\"novalidate\" data-status=\"init\">\n<fieldset class=\"hidden-fields-container\"><input type=\"hidden\" name=\"_wpcf7\" value=\"127\" \/><input type=\"hidden\" name=\"_wpcf7_version\" value=\"6.1.5\" \/><input type=\"hidden\" name=\"_wpcf7_locale\" value=\"es_ES\" \/><input type=\"hidden\" name=\"_wpcf7_unit_tag\" value=\"wpcf7-f127-o1\" \/><input type=\"hidden\" name=\"_wpcf7_container_post\" value=\"0\" \/><input type=\"hidden\" name=\"_wpcf7_posted_data_hash\" value=\"\" \/>\n<\/fieldset>\n<div class=\"two-columns\">\n\t<p><label><span class=\"form-label\">Nombre y apellidos<\/span><span class=\"wpcf7-form-control-wrap\" data-name=\"your-name\"><input size=\"40\" maxlength=\"400\" class=\"wpcf7-form-control wpcf7-text wpcf7-validates-as-required\" aria-required=\"true\" aria-invalid=\"false\" placeholder=\"Nombre y apellidos\" value=\"\" type=\"text\" name=\"your-name\" \/><\/span> <\/label>\n\t<\/p>\n<\/div>\n<div class=\"two-columns\">\n\t<p><label><span class=\"form-label\">Email<\/span><span class=\"wpcf7-form-control-wrap\" data-name=\"your-email\"><input size=\"40\" maxlength=\"400\" class=\"wpcf7-form-control wpcf7-email wpcf7-validates-as-required wpcf7-text wpcf7-validates-as-email\" aria-required=\"true\" aria-invalid=\"false\" placeholder=\"Correo electr\u00f3nico\" value=\"\" type=\"email\" name=\"your-email\" \/><\/span> <\/label>\n\t<\/p>\n<\/div>\n<div>\n\t<p><label><span class=\"form-label\">Comentario<\/span><br \/>\n<span class=\"wpcf7-form-control-wrap\" data-name=\"your-message\"><textarea cols=\"40\" rows=\"10\" maxlength=\"2000\" class=\"wpcf7-form-control wpcf7-textarea\" aria-invalid=\"false\" placeholder=\"Estoy interesado\/a en una de vuestras viviendas...\" name=\"your-message\"><\/textarea><\/span> <\/label>\n\t<\/p>\n<\/div>\n<div id=\"contacto-bloque-enviar\">\n\t<div id=\"contacto-checkboxes\">\n\t\t<div>\n\t\t\t<p><label><span class=\"wpcf7-form-control-wrap\" data-name=\"acepto-politica\"><span class=\"wpcf7-form-control wpcf7-acceptance\"><span class=\"wpcf7-list-item\"><input type=\"checkbox\" name=\"acepto-politica\" value=\"1\" aria-invalid=\"false\" \/><\/span><\/span><\/span> Acepto la <a href=\"\/politica-privacidad\/\">Pol\u00edtica de Privacidad<\/a>.<\/label>\n\t\t\t<\/p>\n\t\t<\/div>\n\t\t<div>\n\t\t\t<p><label><span class=\"wpcf7-form-control-wrap\" data-name=\"checkbox-contrato\"><span class=\"wpcf7-form-control wpcf7-acceptance optional\"><span class=\"wpcf7-list-item\"><input type=\"checkbox\" name=\"checkbox-contrato\" value=\"1\" aria-invalid=\"false\" \/><\/span><\/span><\/span> Acepto recibir publicidad y promociones de\u00a0UXBAN. (Finalidad 2).<\/label>\n\t\t\t<\/p>\n\t\t<\/div>\n\t<\/div>\n\t<p><input class=\"wpcf7-form-control wpcf7-submit has-spinner\" type=\"submit\" value=\"Enviar\" \/>\n\t<\/p>\n<\/div>\n<div id=\"contacto-texto-legal\">\n\t<p><span>Informaci\u00f3n b\u00e1sica sobre Protecci\u00f3n de datos:<\/span><br \/>\nResponsable:\u00a0NOMBRE LEGAL EMPRESA;\u00a0Finalidad: Atender su solicitud y enviarle comunicaciones comerciales (Finalidad 2);\u00a0Legitimaci\u00f3n: Ejecuci\u00f3n de un contrato, consentimiento del interesado;\u00a0Destinatarios: No se ceder\u00e1n datos a terceros, salvo obligaci\u00f3n legal;\u00a0Derechos: Tiene derecho a acceder, rectificar y suprimir los datos, as\u00ed como otros derechos, indicados en la informaci\u00f3n adicional, que puede ejercer dirigi\u00e9ndose a\u00a0info@uxban.com\u00a0o\u00a0DIRECCI\u00d3N EMPRESA;\u00a0Procedencia: El propio interesado;\u00a0Informaci\u00f3n adicional: En la p\u00e1gina web\u00a0www.uxban.com.\n\t<\/p>\n<\/div><p style=\"display: none !important;\" class=\"akismet-fields-container\" data-prefix=\"_wpcf7_ak_\"><label>&#916;<textarea name=\"_wpcf7_ak_hp_textarea\" cols=\"45\" rows=\"8\" maxlength=\"100\"><\/textarea><\/label><input type=\"hidden\" id=\"ak_js_1\" name=\"_wpcf7_ak_js\" value=\"190\"\/><script>document.getElementById( \"ak_js_1\" ).setAttribute( \"value\", ( new Date() ).getTime() );<\/script><\/p><div class=\"wpcf7-response-output\" aria-hidden=\"true\"><\/div>\n<\/form>\n<\/div>\n\n<p>[\/et_pb_text][\/et_pb_column][\/et_pb_row][\/et_pb_section][et_pb_section fb_built=\u00bb1&#8243; module_id=\u00bbcontacto-bottom\u00bb _builder_version=\u00bb3.27.4&#8243;][et_pb_row module_id=\u00bbcontacto-bottom-title\u00bb _builder_version=\u00bb3.27.4&#8243;][et_pb_column type=\u00bb4_4&#8243; _builder_version=\u00bb3.27.4&#8243;][et_pb_text _builder_version=\u00bb3.27.4&#8243; text_orientation=\u00bbcenter\u00bb]<\/p>\n<h2>DATOS DE CONTACTO<\/h2>\n<p>[\/et_pb_text][\/et_pb_column][\/et_pb_row][et_pb_row column_structure=\u00bb1_3,1_3,1_3&#8243; module_id=\u00bbcontacto-tree-col\u00bb _builder_version=\u00bb3.27.4&#8243; max_width=\u00bb820px\u00bb][et_pb_column type=\u00bb1_3&#8243; _builder_version=\u00bb3.27.4&#8243;][et_pb_code module_class=\u00bbcontacto-bottom-iconos\u00bb _builder_version=\u00bb3.27.4&#8243;]<i class=\"iuxban-contact-mail\"><\/i>[\/et_pb_code][et_pb_text admin_label=\u00bbPara cualquier consulta general, puedes dirigirte a:\u00bb module_id=\u00bbcontacto-email-text\u00bb _builder_version=\u00bb3.27.4&#8243;]<\/p>\n<p>Para cualquier consulta general, puedes dirigirte a:<\/p>\n<p>[\/et_pb_text][et_pb_text admin_label=\u00bbinfo@uxban.com\u00bb module_id=\u00bbcontacto-email\u00bb _builder_version=\u00bb3.27.4&#8243;]<\/p>\n<p><a href=\"mailto:info@uxban.com\">info@uxban.com<\/a><\/p>\n<p>[\/et_pb_text][\/et_pb_column][et_pb_column type=\u00bb1_3&#8243; _builder_version=\u00bb3.27.4&#8243;][et_pb_code module_class=\u00bbcontacto-bottom-iconos\u00bb _builder_version=\u00bb3.27.4&#8243;]<i class=\"iuxban-contact-map\"><\/i>[\/et_pb_code][et_pb_text admin_label=\u00bbC\/ Vel\u00e1zquez 15, 1D<br \/>\nMadrid &#8211; 28001 SPAIN\u00bb module_id=\u00bbcontacto-address\u00bb _builder_version=\u00bb3.27.4&#8243;]<\/p>\n<p>C\/ Vel\u00e1zquez 15, 1D<br \/>Madrid &#8211; 28001 SPAIN<\/p>\n<p>[\/et_pb_text][et_pb_text admin_label=\u00bbVER EN GOOGLE MAPS\u00bb module_id=\u00bbcontacto-maps\u00bb _builder_version=\u00bb4.4.9&#8243;]<\/p>\n<p><a href=\"https:\/\/goo.gl\/maps\/myGbbUwZr13kGsda6\" target=\"_blank\" rel=\"noopener noreferrer\">VER EN GOOGLE MAPS<\/a><\/p>\n<p>[\/et_pb_text][\/et_pb_column][et_pb_column type=\u00bb1_3&#8243; _builder_version=\u00bb3.27.4&#8243;][et_pb_code module_class=\u00bbcontacto-bottom-iconos\u00bb _builder_version=\u00bb3.27.4&#8243;]<i class=\"iuxban-contact-follow\"><\/i>[\/et_pb_code][et_pb_text admin_label=\u00bbRRSS\u00bb module_id=\u00bbcontacto-rrss\u00bb _builder_version=\u00bb4.4.9&#8243; hover_enabled=\u00bb0&#8243;]<\/p>\n<ul>\n<li><a href=\"https:\/\/www.facebook.com\/Uxban\" target=\"_blank\" rel=\"noopener noreferrer\">FACEBOOK<\/a><\/li>\n<li><a href=\"https:\/\/twitter.com\/uxbandesign\" target=\"_blank\" rel=\"noopener noreferrer\">TWITTER<\/a><\/li>\n<li><a href=\"https:\/\/www.youtube.com\/channel\/UC0HTJxvkwtSK2yRusi2YVlw\" target=\"_blank\" rel=\"noopener noreferrer\">YOUTUBE<\/a><\/li>\n<li><a href=\"https:\/\/www.instagram.com\/uxbandesign\/\" target=\"_blank\" rel=\"noopener noreferrer\">INSTAGRAM<\/a><\/li>\n<\/ul>\n<p>[\/et_pb_text][\/et_pb_column][\/et_pb_row][\/et_pb_section]<\/p>\n","protected":false},"excerpt":{"rendered":"<p>[et_pb_section fb_built=\u00bb1&#8243; module_id=\u00bbcontacto-top\u00bb _builder_version=\u00bb3.27.4&#8243; background_color=\u00bb#1D232C\u00bb][et_pb_row _builder_version=\u00bb3.27.4&#8243; max_width=\u00bb820px\u00bb][et_pb_column type=\u00bb4_4&#8243; _builder_version=\u00bb3.27.4&#8243;][et_pb_text module_id=\u00bbcontact-form\u00bb _builder_version=\u00bb3.27.4&#8243; background_layout=\u00bbdark\u00bb] [\/et_pb_text][\/et_pb_column][\/et_pb_row][\/et_pb_section][et_pb_section fb_built=\u00bb1&#8243; module_id=\u00bbcontacto-bottom\u00bb _builder_version=\u00bb3.27.4&#8243;][et_pb_row module_id=\u00bbcontacto-bottom-title\u00bb _builder_version=\u00bb3.27.4&#8243;][et_pb_column type=\u00bb4_4&#8243; _builder_version=\u00bb3.27.4&#8243;][et_pb_text _builder_version=\u00bb3.27.4&#8243; text_orientation=\u00bbcenter\u00bb] DATOS DE CONTACTO [\/et_pb_text][\/et_pb_column][\/et_pb_row][et_pb_row column_structure=\u00bb1_3,1_3,1_3&#8243; module_id=\u00bbcontacto-tree-col\u00bb _builder_version=\u00bb3.27.4&#8243; max_width=\u00bb820px\u00bb][et_pb_column type=\u00bb1_3&#8243; _builder_version=\u00bb3.27.4&#8243;][et_pb_code module_class=\u00bbcontacto-bottom-iconos\u00bb _builder_version=\u00bb3.27.4&#8243;][\/et_pb_code][et_pb_text admin_label=\u00bbPara cualquier consulta general, puedes dirigirte a:\u00bb module_id=\u00bbcontacto-email-text\u00bb _builder_version=\u00bb3.27.4&#8243;] Para cualquier consulta general, puedes dirigirte a: [\/et_pb_text][et_pb_text admin_label=\u00bbinfo@uxban.com\u00bb module_id=\u00bbcontacto-email\u00bb _builder_version=\u00bb3.27.4&#8243;] info@uxban.com [&hellip;]<\/p>\n","protected":false},"author":3,"featured_media":0,"parent":0,"menu_order":0,"comment_status":"closed","ping_status":"closed","template":"","meta":{"_et_pb_use_builder":"on","_et_pb_old_content":"","_et_gb_content_width":"","footnotes":""},"class_list":["post-147","page","type-page","status-publish","hentry"],"acf":{"ocultar_contacto_footer":true,"footer_transparente":false},"_links":{"self":[{"href":"https:\/\/www.uxban.com\/es\/wp-json\/wp\/v2\/pages\/147","targetHints":{"allow":["GET"]}}],"collection":[{"href":"https:\/\/www.uxban.com\/es\/wp-json\/wp\/v2\/pages"}],"about":[{"href":"https:\/\/www.uxban.com\/es\/wp-json\/wp\/v2\/types\/page"}],"author":[{"embeddable":true,"href":"https:\/\/www.uxban.com\/es\/wp-json\/wp\/v2\/users\/3"}],"replies":[{"embeddable":true,"href":"https:\/\/www.uxban.com\/es\/wp-json\/wp\/v2\/comments?post=147"}],"version-history":[{"count":16,"href":"https:\/\/www.uxban.com\/es\/wp-json\/wp\/v2\/pages\/147\/revisions"}],"predecessor-version":[{"id":22397,"href":"https:\/\/www.uxban.com\/es\/wp-json\/wp\/v2\/pages\/147\/revisions\/22397"}],"wp:attachment":[{"href":"https:\/\/www.uxban.com\/es\/wp-json\/wp\/v2\/media?parent=147"}],"curies":[{"name":"wp","href":"https:\/\/api.w.org\/{rel}","templated":true}]}}