{"id":141,"date":"2019-09-30T11:16:05","date_gmt":"2019-09-30T09:16:05","guid":{"rendered":"http:\/\/www.uxban.com\/?page_id=141"},"modified":"2020-11-13T14:09:17","modified_gmt":"2020-11-13T13:09:17","slug":"sobre-nosotros","status":"publish","type":"page","link":"https:\/\/www.uxban.com\/es\/sobre-nosotros\/","title":{"rendered":"Sobre nosotros"},"content":{"rendered":"<p>[et_pb_section fb_built=\u00bb1&#8243; fullwidth=\u00bbon\u00bb module_id=\u00bbprensa-header\u00bb _builder_version=\u00bb3.27.4&#8243; background_color=\u00bb#000000&#8243;][et_pb_fullwidth_header title=\u00bb<span>SOBRE NOSOTROS<\/span>  Pensamos, dise\u00f1amos y construimos siempre en equipo. Desde la concepci\u00f3n de la idea hasta el detalle, creamos viviendas poniendo lo mejor de cada uno.\u00bb header_fullscreen=\u00bbon\u00bb _builder_version=\u00bb3.27.4&#8243; background_enable_color=\u00bboff\u00bb background_image=\u00bbhttps:\/\/www.uxban.com\/wp-content\/uploads\/2020\/06\/fondo-sobre-nosotros5.jpg\u00bb parallax=\u00bbon\u00bb parallax_method=\u00bbon\u00bb animation_style=\u00bbfade\u00bb animation_delay=\u00bb250ms\u00bb][\/et_pb_fullwidth_header][\/et_pb_section][et_pb_section fb_built=\u00bb1&#8243; admin_label=\u00bbTITULAR &#8211; VIVIENDAS\u00bb module_id=\u00bbnuestro-equipo-titular-container\u00bb module_class=\u00bbhome-titulares-container\u00bb _builder_version=\u00bb3.27.4&#8243; collapsed=\u00bboff\u00bb][et_pb_row module_class=\u00bbhome-titulares\u00bb _builder_version=\u00bb3.27.4&#8243;][et_pb_column type=\u00bb4_4&#8243; _builder_version=\u00bb3.27.4&#8243;][et_pb_code admin_label=\u00bbTITULAR &#8211; VIVIENDAS\u00bb _builder_version=\u00bb3.27.4&#8243;]NUESTRO EQUIPO[\/et_pb_code][\/et_pb_column][\/et_pb_row][\/et_pb_section][et_pb_section fb_built=\u00bb1&#8243; module_id=\u00bbnuestro-equipo-container\u00bb _builder_version=\u00bb3.27.4&#8243;][et_pb_row _builder_version=\u00bb3.27.4&#8243; max_width=\u00bb1346px\u00bb][et_pb_column type=\u00bb4_4&#8243; _builder_version=\u00bb3.27.4&#8243;][et_pb_equipo posts_number=\u00bb-1&#8243; show_pagination=\u00bboff\u00bb _builder_version=\u00bb3.27.4&#8243;][\/et_pb_equipo][\/et_pb_column][\/et_pb_row][\/et_pb_section][et_pb_section fb_built=\u00bb1&#8243; admin_label=\u00bbsobre-nosotros-ficha\u00bb module_id=\u00bbsobre-nosotros-ficha-container\u00bb _builder_version=\u00bb3.27.4&#8243; custom_margin=\u00bb0px|0px|0px|0px|false|false\u00bb custom_padding=\u00bb0px|0px|0px|0px|false|false\u00bb hover_enabled=\u00bb0&#8243; locked=\u00bbon\u00bb][et_pb_row _builder_version=\u00bb3.27.4&#8243; custom_margin=\u00bb0px||0px|0px|false|false\u00bb custom_padding=\u00bb0px|0px|0px|0px|false|false\u00bb][et_pb_column type=\u00bb4_4&#8243; _builder_version=\u00bb3.27.4&#8243;][et_pb_code _builder_version=\u00bb4.4.9&#8243;]<\/p>\n<div id=\"sobre-nosotros-close\">CLOSE<\/div>\n<p><!-- [et_pb_line_break_holder] --><\/p>\n<div id=\"sobre-nosotros-ficha\"><!-- [et_pb_line_break_holder] -->    <\/p>\n<div id=\"sobre-nosotros-ficha-right\"><!-- [et_pb_line_break_holder] -->        <\/p>\n<div><!-- [et_pb_line_break_holder] -->            <\/p>\n<h3 id=\"sobre-nosotros-ficha-name\"><\/h3>\n<p><!-- [et_pb_line_break_holder] -->            <\/p>\n<div id=\"sobre-nosotros-ficha-cargo\"><\/div>\n<p><!-- [et_pb_line_break_holder] -->            <\/p>\n<div id=\"sobre-nosotros-ficha-rrss\"><!-- [et_pb_line_break_holder] -->                <a href=\"#\" id=\"sobre-nosotros-ficha-linkedin\" target=\"_blank\" rel=\"noopener noreferrer\"><i class=\"iuxban-social-linkedin\"><\/i><\/a><!-- [et_pb_line_break_holder] -->                <a href=\"#\" id=\"sobre-nosotros-ficha-twitter\" target=\"_blank\" rel=\"noopener noreferrer\"><i class=\"iuxban-social-twitter\"><\/i><\/a><!-- [et_pb_line_break_holder] -->                <a href=\"#\" id=\"sobre-nosotros-ficha-mail\"><i class=\"iuxban-mail\"><\/i><\/a><!-- [et_pb_line_break_holder] -->            <\/div>\n<p><!-- [et_pb_line_break_holder] -->            <\/p>\n<div id=\"sobre-nosotros-ficha-description\"><\/div>\n<p><!-- [et_pb_line_break_holder] -->        <\/div>\n<p><!-- [et_pb_line_break_holder] -->    <\/div>\n<p><!-- [et_pb_line_break_holder] -->    <\/p>\n<div id=\"sobre-nosotros-ficha-left\"><!-- [et_pb_line_break_holder] -->        <img decoding=\"async\" src=\"\" \/><!-- [et_pb_line_break_holder] -->    <\/div>\n<p>    <!-- [et_pb_line_break_holder] --><\/div>\n<p>[\/et_pb_code][\/et_pb_column][\/et_pb_row][\/et_pb_section][et_pb_section fb_built=\u00bb1&#8243; module_id=\u00bbsobre-nosotros-texto\u00bb _builder_version=\u00bb3.27.4&#8243;][et_pb_row _builder_version=\u00bb3.27.4&#8243; max_width=\u00bb815px\u00bb][et_pb_column type=\u00bb4_4&#8243; _builder_version=\u00bb3.27.4&#8243;][et_pb_text _builder_version=\u00bb3.27.4&#8243; text_orientation=\u00bbcenter\u00bb]<\/p>\n<h3>\u201cPorque siempre las personas son lo m\u00e1s importante. Nada en la vida tendr\u00eda sentido sin buenos compa\u00f1eros de viaje\u201d<\/h3>\n<p>La calidad de un proyecto depende de las personas que trabajan detr\u00e1s, por eso en UXBAN buscamos la excelencia en nuestro equipo humano. Para que todos demos nuestra mejor versi\u00f3n es importante compartir los mismos valores, sentirse en sinton\u00eda en torno a un mismo objetivo. La ilusi\u00f3n es una energ\u00eda inagotable de motivaci\u00f3n; imaginar c\u00f3mo quedar\u00e1 una casa despu\u00e9s de rehabilitarla hace que trabajemos intensamente con el deseo de verla hecha realidad.<\/p>\n<p>Nos gusta trabajar con la aportaci\u00f3n de diferentes disciplinas y puntos de vista. Escuchar opiniones distintas enriquece el proceso y nos hace aprender y crecer diariamente. Por eso nuestro equipo est\u00e1 compuesto por personas de diversas generaciones y distintos campos profesionales. Nuestro valor a\u00f1adido es la sinergia que se produce al sumar la experiencia individual de cada uno.<\/p>\n<p>[\/et_pb_text][et_pb_button button_url=\u00bb\/contacto\/\u00bb button_text=\u00bbContacta con nosotros\u00bb button_alignment=\u00bbcenter\u00bb _builder_version=\u00bb3.27.4&#8243;][\/et_pb_button][\/et_pb_column][\/et_pb_row][\/et_pb_section][et_pb_section fb_built=\u00bb1&#8243; admin_label=\u00bbTITULAR &#8211; VALORES\u00bb module_id=\u00bbnuestro-equipo-titular-valores-container\u00bb module_class=\u00bbhome-titulares-container\u00bb _builder_version=\u00bb3.27.4&#8243; collapsed=\u00bboff\u00bb][et_pb_row module_class=\u00bbhome-titulares\u00bb _builder_version=\u00bb3.27.4&#8243;][et_pb_column type=\u00bb4_4&#8243; _builder_version=\u00bb3.27.4&#8243;][et_pb_code admin_label=\u00bbTITULAR &#8211; VALORES\u00bb _builder_version=\u00bb3.27.4&#8243;]NUESTROS VALORES[\/et_pb_code][\/et_pb_column][\/et_pb_row][\/et_pb_section][et_pb_section fb_built=\u00bb1&#8243; admin_label=\u00bbVALORES\u00bb module_id=\u00bbsobre-nosotros-valores\u00bb _builder_version=\u00bb3.27.4&#8243; background_enable_color=\u00bboff\u00bb][et_pb_row column_structure=\u00bb1_3,2_3&#8243; make_equal=\u00bbon\u00bb module_class=\u00bbhome-vivienda-container\u00bb _builder_version=\u00bb3.27.4&#8243;][et_pb_column type=\u00bb1_3&#8243; module_class=\u00bbhome-vivienda-left\u00bb _builder_version=\u00bb3.27.4&#8243;][et_pb_text admin_label=\u00bbExcelente equipo<br \/>\nhumano y trato<br \/>\ncon el cliente\u00bb _builder_version=\u00bb3.27.4&#8243; background_layout=\u00bbdark\u00bb]<\/p>\n<h3>Excelente equipo humano y trato con el cliente<\/h3>\n<p>Creemos que no hay relaci\u00f3n m\u00e1s fuerte que aquella pensada para el largo plazo. Cuando se busca el beneficio mutuo surgen las mejores oportunidades.<\/p>\n<p>[\/et_pb_text][\/et_pb_column][et_pb_column type=\u00bb2_3&#8243; _builder_version=\u00bb3.27.4&#8243;][et_pb_image src=\u00bbhttps:\/\/www.uxban.com\/wp-content\/uploads\/2020\/04\/nosotros-valores-01.jpg\u00bb _builder_version=\u00bb3.27.4&#8243;][\/et_pb_image][\/et_pb_column][\/et_pb_row][et_pb_row column_structure=\u00bb1_3,2_3&#8243; make_equal=\u00bbon\u00bb module_class=\u00bbhome-vivienda-container\u00bb _builder_version=\u00bb3.27.4&#8243;][et_pb_column type=\u00bb1_3&#8243; module_class=\u00bbhome-vivienda-left\u00bb _builder_version=\u00bb3.27.4&#8243;][et_pb_text admin_label=\u00bbConfianza,<br \/>\ntransparencia<br \/>\ny experiencia\u00bb _builder_version=\u00bb3.27.4&#8243; background_layout=\u00bbdark\u00bb]<\/p>\n<h3>Confianza, transparencia y experiencia<\/h3>\n<p>S\u00f3lo se construye una buena reputaci\u00f3n cuando la honestidad est\u00e1 en los cimientos. Esa profesionalidad es la base para un buen servicio.[\/et_pb_text][\/et_pb_column][et_pb_column type=\u00bb2_3&#8243; _builder_version=\u00bb3.27.4&#8243;][et_pb_image src=\u00bbhttps:\/\/www.uxban.com\/wp-content\/uploads\/2020\/04\/nosotros-valores-02.jpg\u00bb _builder_version=\u00bb3.27.4&#8243;][\/et_pb_image][\/et_pb_column][\/et_pb_row][et_pb_row column_structure=\u00bb1_3,2_3&#8243; make_equal=\u00bbon\u00bb module_class=\u00bbhome-vivienda-container\u00bb _builder_version=\u00bb3.27.4&#8243;][et_pb_column type=\u00bb1_3&#8243; module_class=\u00bbhome-vivienda-left\u00bb _builder_version=\u00bb3.27.4&#8243;][et_pb_text admin_label=\u00bbCalidad y cuidado en los detalles\u00bb _builder_version=\u00bb3.27.4&#8243; background_layout=\u00bbdark\u00bb]<\/p>\n<h3>Calidad y cuidado en los detalles<\/h3>\n<p>Trabajamos con minuciosidad desde el concepto m\u00e1s amplio hasta el m\u00e1s m\u00ednimo detalle, transmitiendo nuestro saber hacer y nuestro oficio adquirido a lo largo de los a\u00f1os.<\/p>\n<p>[\/et_pb_text][\/et_pb_column][et_pb_column type=\u00bb2_3&#8243; _builder_version=\u00bb3.27.4&#8243;][et_pb_image src=\u00bbhttps:\/\/www.uxban.com\/wp-content\/uploads\/2020\/04\/nosotros-valores-03.jpg\u00bb _builder_version=\u00bb3.27.4&#8243;][\/et_pb_image][\/et_pb_column][\/et_pb_row][\/et_pb_section][et_pb_section fb_built=\u00bb1&#8243; admin_label=\u00bbTITULAR &#8211; PRENSA\u00bb module_id=\u00bbnuestro-equipo-titular-valores-container\u00bb module_class=\u00bbhome-titulares-container\u00bb _builder_version=\u00bb3.27.4&#8243; collapsed=\u00bboff\u00bb][et_pb_row module_class=\u00bbhome-titulares\u00bb _builder_version=\u00bb3.27.4&#8243;][et_pb_column type=\u00bb4_4&#8243; _builder_version=\u00bb3.27.4&#8243;][et_pb_code admin_label=\u00bbTITULAR &#8211; PRENSA\u00bb _builder_version=\u00bb3.27.4&#8243;]PRENSA[\/et_pb_code][\/et_pb_column][\/et_pb_row][\/et_pb_section][et_pb_section fb_built=\u00bb1&#8243; fullwidth=\u00bbon\u00bb admin_label=\u00bbPRENSA\u00bb module_id=\u00bbhome-prensa\u00bb _builder_version=\u00bb3.27.4&#8243; global_module=\u00bb19307&#8243; saved_tabs=\u00bball\u00bb][et_pb_fullwidth_slider module_class=\u00bbfull-height\u00bb _builder_version=\u00bb3.27.4&#8243;][et_pb_slide button_text=\u00bbLeer reportaje\u00bb button_link=\u00bb@ET-DC@eyJkeW5hbWljIjp0cnVlLCJjb250ZW50IjoicG9zdF9saW5rX3VybF9wcmVzcyIsInNldHRpbmdzIjp7InBvc3RfaWQiOiIyMDk0MSJ9fQ==@\u00bb _builder_version=\u00bb3.27.4&#8243; _dynamic_attributes=\u00bbbutton_link\u00bb background_enable_color=\u00bboff\u00bb background_image=\u00bbhttps:\/\/www.uxban.com\/wp-content\/uploads\/2019\/09\/home-prensa.jpg\u00bb background_enable_image=\u00bbon\u00bb parallax=\u00bbon\u00bb parallax_method=\u00bboff\u00bb text_orientation=\u00bbcenter\u00bb]<img decoding=\"async\" style=\"filter: brightness(0) invert(1);\" class=\"wp-image-38 alignnone size-full\" src=\"https:\/\/www.uxban.com\/wp-content\/uploads\/2019\/11\/Grupo-775.svg\" alt=\"\" width=\"250\" height=\"\" \/><\/p>\n<h3>\u201cANALIZAMOS LA DESESCALADA DEL MERCADO INMOBILIARIO\u201d<\/h3>\n<p>[\/et_pb_slide][et_pb_slide button_text=\u00bbLeer reportaje\u00bb button_link=\u00bb@ET-DC@eyJkeW5hbWljIjp0cnVlLCJjb250ZW50IjoicG9zdF9saW5rX3VybF9wcmVzcyIsInNldHRpbmdzIjp7InBvc3RfaWQiOiIyMDk0MSJ9fQ==@\u00bb _builder_version=\u00bb3.27.4&#8243; _dynamic_attributes=\u00bbbutton_link\u00bb background_enable_color=\u00bboff\u00bb background_image=\u00bbhttps:\/\/www.uxban.com\/wp-content\/uploads\/2019\/09\/home-prensa.jpg\u00bb background_enable_image=\u00bbon\u00bb parallax=\u00bbon\u00bb parallax_method=\u00bboff\u00bb text_orientation=\u00bbcenter\u00bb]<img decoding=\"async\" style=\"filter: brightness(0) invert(1);\" class=\"wp-image-38 alignnone size-full\" src=\"https:\/\/www.uxban.com\/wp-content\/uploads\/2019\/11\/Grupo-775.svg\" alt=\"\" width=\"250\" height=\"\" \/><\/p>\n<h3>\u201cANALIZAMOS LA DESESCALADA DEL MERCADO INMOBILIARIO\u201d<\/h3>\n<p>[\/et_pb_slide][\/et_pb_fullwidth_slider][\/et_pb_section]<\/p>\n","protected":false},"excerpt":{"rendered":"<p>[et_pb_section fb_built=\u00bb1&#8243; fullwidth=\u00bbon\u00bb module_id=\u00bbprensa-header\u00bb _builder_version=\u00bb3.27.4&#8243; background_color=\u00bb#000000&#8243;][et_pb_fullwidth_header title=\u00bbSOBRE NOSOTROS Pensamos, dise\u00f1amos y construimos siempre en equipo. Desde la concepci\u00f3n de la idea hasta el detalle, creamos viviendas poniendo lo mejor de cada uno.\u00bb header_fullscreen=\u00bbon\u00bb _builder_version=\u00bb3.27.4&#8243; background_enable_color=\u00bboff\u00bb background_image=\u00bbhttps:\/\/www.uxban.com\/wp-content\/uploads\/2020\/06\/fondo-sobre-nosotros5.jpg\u00bb parallax=\u00bbon\u00bb parallax_method=\u00bbon\u00bb animation_style=\u00bbfade\u00bb animation_delay=\u00bb250ms\u00bb][\/et_pb_fullwidth_header][\/et_pb_section][et_pb_section fb_built=\u00bb1&#8243; admin_label=\u00bbTITULAR &#8211; VIVIENDAS\u00bb module_id=\u00bbnuestro-equipo-titular-container\u00bb module_class=\u00bbhome-titulares-container\u00bb _builder_version=\u00bb3.27.4&#8243; collapsed=\u00bboff\u00bb][et_pb_row module_class=\u00bbhome-titulares\u00bb _builder_version=\u00bb3.27.4&#8243;][et_pb_column type=\u00bb4_4&#8243; _builder_version=\u00bb3.27.4&#8243;][et_pb_code admin_label=\u00bbTITULAR &#8211; VIVIENDAS\u00bb [&hellip;]<\/p>\n","protected":false},"author":3,"featured_media":0,"parent":0,"menu_order":0,"comment_status":"closed","ping_status":"closed","template":"","meta":{"_et_pb_use_builder":"on","_et_pb_old_content":"","_et_gb_content_width":"","footnotes":""},"class_list":["post-141","page","type-page","status-publish","hentry"],"acf":{"ocultar_contacto_footer":false,"footer_transparente":false},"_links":{"self":[{"href":"https:\/\/www.uxban.com\/es\/wp-json\/wp\/v2\/pages\/141","targetHints":{"allow":["GET"]}}],"collection":[{"href":"https:\/\/www.uxban.com\/es\/wp-json\/wp\/v2\/pages"}],"about":[{"href":"https:\/\/www.uxban.com\/es\/wp-json\/wp\/v2\/types\/page"}],"author":[{"embeddable":true,"href":"https:\/\/www.uxban.com\/es\/wp-json\/wp\/v2\/users\/3"}],"replies":[{"embeddable":true,"href":"https:\/\/www.uxban.com\/es\/wp-json\/wp\/v2\/comments?post=141"}],"version-history":[{"count":45,"href":"https:\/\/www.uxban.com\/es\/wp-json\/wp\/v2\/pages\/141\/revisions"}],"predecessor-version":[{"id":22406,"href":"https:\/\/www.uxban.com\/es\/wp-json\/wp\/v2\/pages\/141\/revisions\/22406"}],"wp:attachment":[{"href":"https:\/\/www.uxban.com\/es\/wp-json\/wp\/v2\/media?parent=141"}],"curies":[{"name":"wp","href":"https:\/\/api.w.org\/{rel}","templated":true}]}}